{"id":432,"date":"2018-06-09T20:53:22","date_gmt":"2018-06-09T20:53:22","guid":{"rendered":"https:\/\/shobu-europe.com\/?page_id=432"},"modified":"2025-08-13T19:56:52","modified_gmt":"2025-08-13T19:56:52","slug":"impressum","status":"publish","type":"page","link":"https:\/\/shobu-germany.com\/impressum\/","title":{"rendered":"Impressum"},"content":{"rendered":"\t\t<div data-elementor-type=\"wp-page\" data-elementor-id=\"432\" class=\"elementor elementor-432\">\n\t\t\t\t\t\t<section class=\"elementor-section elementor-top-section elementor-element elementor-element-55e9d464 elementor-section-boxed elementor-section-height-default elementor-section-height-default\" data-id=\"55e9d464\" data-element_type=\"section\" data-e-type=\"section\">\n\t\t\t\t\t\t<div class=\"elementor-container elementor-column-gap-default\">\n\t\t\t\t\t<div class=\"elementor-column elementor-col-100 elementor-top-column elementor-element elementor-element-4f3fba26\" data-id=\"4f3fba26\" data-element_type=\"column\" data-e-type=\"column\">\n\t\t\t<div class=\"elementor-widget-wrap elementor-element-populated\">\n\t\t\t\t\t\t<div class=\"elementor-element elementor-element-43002e03 elementor-widget elementor-widget-text-editor\" data-id=\"43002e03\" data-element_type=\"widget\" data-e-type=\"widget\" data-widget_type=\"text-editor.default\">\n\t\t\t\t<div class=\"elementor-widget-container\">\n\t\t\t\t\t\t\t\t\tIMPRESSUM<br><br>Dirk Leiding<br>SHOBU Germany<br>Karlstadter Str. 5&nbsp;<br>13189 Berlin<br>Deutschland<br><br>Tel: +4917624022831<br><br>Fax: +493048638162<br><br>E-Mail: office@shobu-germany.com<br><br>Umsatzsteuer-Identifikationsnummer gem\u00e4\u00df \u00a7 27 a Umsatzsteuergesetz: DE 351844457<br><br>Wir sind zur Teilnahme an einem Streitbeilegungsverfahren vor einer Verbraucherschlichtungsstelle weder verpflichtet noch bereit.<br><br>\t\t\t\t\t\t\t\t<\/div>\n\t\t\t\t<\/div>\n\t\t\t\t\t<\/div>\n\t\t<\/div>\n\t\t\t\t\t<\/div>\n\t\t<\/section>\n\t\t\t\t<\/div>\n\t\t","protected":false},"excerpt":{"rendered":"<p>IMPRESSUM Dirk LeidingSHOBU GermanyKarlstadter Str. 5&nbsp;13189 BerlinDeutschland Tel: +4917624022831 Fax: +493048638162 E-Mail: office@shobu-germany.com Umsatzsteuer-Identifikationsnummer gem\u00e4\u00df \u00a7 27 a Umsatzsteuergesetz: DE 351844457 Wir sind zur Teilnahme an einem Streitbeilegungsverfahren vor einer Verbraucherschlichtungsstelle weder verpflichtet noch bereit.<\/p>\n","protected":false},"author":1,"featured_media":0,"parent":0,"menu_order":0,"comment_status":"closed","ping_status":"closed","template":"","meta":{"site-sidebar-layout":"default","site-content-layout":"default","ast-site-content-layout":"default","site-content-style":"default","site-sidebar-style":"default","ast-global-header-display":"","ast-banner-title-visibility":"","ast-main-header-display":"","ast-hfb-above-header-display":"","ast-hfb-below-header-display":"","ast-hfb-mobile-header-display":"","site-post-title":"","ast-breadcrumbs-content":"","ast-featured-img":"","footer-sml-layout":"","ast-disable-related-posts":"","theme-transparent-header-meta":"default","adv-header-id-meta":"","stick-header-meta":"","header-above-stick-meta":"","header-main-stick-meta":"","header-below-stick-meta":"","astra-migrate-meta-layouts":"set","ast-page-background-enabled":"default","ast-page-background-meta":{"desktop":{"background-color":"","background-image":"","background-repeat":"repeat","background-position":"center center","background-size":"auto","background-attachment":"scroll","background-type":"","background-media":"","overlay-type":"","overlay-color":"","overlay-opacity":"","overlay-gradient":""},"tablet":{"background-color":"","background-image":"","background-repeat":"repeat","background-position":"center center","background-size":"auto","background-attachment":"scroll","background-type":"","background-media":"","overlay-type":"","overlay-color":"","overlay-opacity":"","overlay-gradient":""},"mobile":{"background-color":"","background-image":"","background-repeat":"repeat","background-position":"center center","background-size":"auto","background-attachment":"scroll","background-type":"","background-media":"","overlay-type":"","overlay-color":"","overlay-opacity":"","overlay-gradient":""}},"ast-content-background-meta":{"desktop":{"background-color":"var(--ast-global-color-5)","background-image":"","background-repeat":"repeat","background-position":"center center","background-size":"auto","background-attachment":"scroll","background-type":"","background-media":"","overlay-type":"","overlay-color":"","overlay-opacity":"","overlay-gradient":""},"tablet":{"background-color":"var(--ast-global-color-5)","background-image":"","background-repeat":"repeat","background-position":"center center","background-size":"auto","background-attachment":"scroll","background-type":"","background-media":"","overlay-type":"","overlay-color":"","overlay-opacity":"","overlay-gradient":""},"mobile":{"background-color":"var(--ast-global-color-5)","background-image":"","background-repeat":"repeat","background-position":"center center","background-size":"auto","background-attachment":"scroll","background-type":"","background-media":"","overlay-type":"","overlay-color":"","overlay-opacity":"","overlay-gradient":""}},"footnotes":""},"class_list":["post-432","page","type-page","status-publish","hentry"],"yoast_head":"<!-- This site is optimized with the Yoast SEO plugin v27.3 - https:\/\/yoast.com\/product\/yoast-seo-wordpress\/ -->\n<title>Impressum - SHOBU Germany<\/title>\n<meta name=\"description\" content=\"Karateanz\u00fcge der Marke SHOBU. Handgefertigt in Japan, h\u00f6chste Qualit\u00e4t, spezieller Schnitt und individuelle Gr\u00f6\u00dfen. TOP QUALITY - HANDMADE IN JAPAN \/ SHOBU-Dogi - handmade in Japan, top quality, special cut\" \/>\n<meta name=\"robots\" content=\"index, follow, max-snippet:-1, max-image-preview:large, max-video-preview:-1\" \/>\n<link rel=\"canonical\" href=\"https:\/\/shobu-germany.com\/impressum\/\" \/>\n<meta property=\"og:locale\" content=\"de_DE\" \/>\n<meta property=\"og:type\" content=\"article\" \/>\n<meta property=\"og:title\" content=\"Impressum - SHOBU Germany\" \/>\n<meta property=\"og:description\" content=\"Karateanz\u00fcge der Marke SHOBU. Handgefertigt in Japan, h\u00f6chste Qualit\u00e4t, spezieller Schnitt und individuelle Gr\u00f6\u00dfen. TOP QUALITY - HANDMADE IN JAPAN \/ SHOBU-Dogi - handmade in Japan, top quality, special cut\" \/>\n<meta property=\"og:url\" content=\"https:\/\/shobu-germany.com\/impressum\/\" \/>\n<meta property=\"og:site_name\" content=\"SHOBU Germany\" \/>\n<meta property=\"article:modified_time\" content=\"2025-08-13T19:56:52+00:00\" \/>\n<meta name=\"twitter:card\" content=\"summary_large_image\" \/>\n<meta name=\"twitter:label1\" content=\"Gesch\u00e4tzte Lesezeit\" \/>\n\t<meta name=\"twitter:data1\" content=\"1\u00a0Minute\" \/>\n<script type=\"application\/ld+json\" class=\"yoast-schema-graph\">{\"@context\":\"https:\\\/\\\/schema.org\",\"@graph\":[{\"@type\":\"WebPage\",\"@id\":\"https:\\\/\\\/shobu-germany.com\\\/impressum\\\/\",\"url\":\"https:\\\/\\\/shobu-germany.com\\\/impressum\\\/\",\"name\":\"Impressum - SHOBU Germany\",\"isPartOf\":{\"@id\":\"https:\\\/\\\/shobu-germany.com\\\/#website\"},\"datePublished\":\"2018-06-09T20:53:22+00:00\",\"dateModified\":\"2025-08-13T19:56:52+00:00\",\"description\":\"Karateanz\u00fcge der Marke SHOBU. Handgefertigt in Japan, h\u00f6chste Qualit\u00e4t, spezieller Schnitt und individuelle Gr\u00f6\u00dfen. TOP QUALITY - HANDMADE IN JAPAN \\\/ SHOBU-Dogi - handmade in Japan, top quality, special cut\",\"breadcrumb\":{\"@id\":\"https:\\\/\\\/shobu-germany.com\\\/impressum\\\/#breadcrumb\"},\"inLanguage\":\"de\",\"potentialAction\":[{\"@type\":\"ReadAction\",\"target\":[\"https:\\\/\\\/shobu-germany.com\\\/impressum\\\/\"]}]},{\"@type\":\"BreadcrumbList\",\"@id\":\"https:\\\/\\\/shobu-germany.com\\\/impressum\\\/#breadcrumb\",\"itemListElement\":[{\"@type\":\"ListItem\",\"position\":1,\"name\":\"Startseite\",\"item\":\"https:\\\/\\\/shobu-germany.com\\\/\"},{\"@type\":\"ListItem\",\"position\":2,\"name\":\"Impressum\"}]},{\"@type\":\"WebSite\",\"@id\":\"https:\\\/\\\/shobu-germany.com\\\/#website\",\"url\":\"https:\\\/\\\/shobu-germany.com\\\/\",\"name\":\"SHOBU Germany\",\"description\":\"\",\"publisher\":{\"@id\":\"https:\\\/\\\/shobu-germany.com\\\/#organization\"},\"potentialAction\":[{\"@type\":\"SearchAction\",\"target\":{\"@type\":\"EntryPoint\",\"urlTemplate\":\"https:\\\/\\\/shobu-germany.com\\\/?s={search_term_string}\"},\"query-input\":{\"@type\":\"PropertyValueSpecification\",\"valueRequired\":true,\"valueName\":\"search_term_string\"}}],\"inLanguage\":\"de\"},{\"@type\":\"Organization\",\"@id\":\"https:\\\/\\\/shobu-germany.com\\\/#organization\",\"name\":\"SHOBU GERMANY\",\"url\":\"https:\\\/\\\/shobu-germany.com\\\/\",\"logo\":{\"@type\":\"ImageObject\",\"inLanguage\":\"de\",\"@id\":\"https:\\\/\\\/shobu-germany.com\\\/#\\\/schema\\\/logo\\\/image\\\/\",\"url\":\"https:\\\/\\\/shobu-germany.com\\\/wp-content\\\/uploads\\\/2018\\\/08\\\/shobu_mit_Masterclass-1-e1535710627734.jpg\",\"contentUrl\":\"https:\\\/\\\/shobu-germany.com\\\/wp-content\\\/uploads\\\/2018\\\/08\\\/shobu_mit_Masterclass-1-e1535710627734.jpg\",\"width\":600,\"height\":101,\"caption\":\"SHOBU GERMANY\"},\"image\":{\"@id\":\"https:\\\/\\\/shobu-germany.com\\\/#\\\/schema\\\/logo\\\/image\\\/\"},\"sameAs\":[\"https:\\\/\\\/www.instagram.com\\\/shobu_germany\"]}]}<\/script>\n<!-- \/ Yoast SEO plugin. -->","yoast_head_json":{"title":"Impressum - SHOBU Germany","description":"Karateanz\u00fcge der Marke SHOBU. Handgefertigt in Japan, h\u00f6chste Qualit\u00e4t, spezieller Schnitt und individuelle Gr\u00f6\u00dfen. TOP QUALITY - HANDMADE IN JAPAN \/ SHOBU-Dogi - handmade in Japan, top quality, special cut","robots":{"index":"index","follow":"follow","max-snippet":"max-snippet:-1","max-image-preview":"max-image-preview:large","max-video-preview":"max-video-preview:-1"},"canonical":"https:\/\/shobu-germany.com\/impressum\/","og_locale":"de_DE","og_type":"article","og_title":"Impressum - SHOBU Germany","og_description":"Karateanz\u00fcge der Marke SHOBU. Handgefertigt in Japan, h\u00f6chste Qualit\u00e4t, spezieller Schnitt und individuelle Gr\u00f6\u00dfen. TOP QUALITY - HANDMADE IN JAPAN \/ SHOBU-Dogi - handmade in Japan, top quality, special cut","og_url":"https:\/\/shobu-germany.com\/impressum\/","og_site_name":"SHOBU Germany","article_modified_time":"2025-08-13T19:56:52+00:00","twitter_card":"summary_large_image","twitter_misc":{"Gesch\u00e4tzte Lesezeit":"1\u00a0Minute"},"schema":{"@context":"https:\/\/schema.org","@graph":[{"@type":"WebPage","@id":"https:\/\/shobu-germany.com\/impressum\/","url":"https:\/\/shobu-germany.com\/impressum\/","name":"Impressum - SHOBU Germany","isPartOf":{"@id":"https:\/\/shobu-germany.com\/#website"},"datePublished":"2018-06-09T20:53:22+00:00","dateModified":"2025-08-13T19:56:52+00:00","description":"Karateanz\u00fcge der Marke SHOBU. Handgefertigt in Japan, h\u00f6chste Qualit\u00e4t, spezieller Schnitt und individuelle Gr\u00f6\u00dfen. TOP QUALITY - HANDMADE IN JAPAN \/ SHOBU-Dogi - handmade in Japan, top quality, special cut","breadcrumb":{"@id":"https:\/\/shobu-germany.com\/impressum\/#breadcrumb"},"inLanguage":"de","potentialAction":[{"@type":"ReadAction","target":["https:\/\/shobu-germany.com\/impressum\/"]}]},{"@type":"BreadcrumbList","@id":"https:\/\/shobu-germany.com\/impressum\/#breadcrumb","itemListElement":[{"@type":"ListItem","position":1,"name":"Startseite","item":"https:\/\/shobu-germany.com\/"},{"@type":"ListItem","position":2,"name":"Impressum"}]},{"@type":"WebSite","@id":"https:\/\/shobu-germany.com\/#website","url":"https:\/\/shobu-germany.com\/","name":"SHOBU Germany","description":"","publisher":{"@id":"https:\/\/shobu-germany.com\/#organization"},"potentialAction":[{"@type":"SearchAction","target":{"@type":"EntryPoint","urlTemplate":"https:\/\/shobu-germany.com\/?s={search_term_string}"},"query-input":{"@type":"PropertyValueSpecification","valueRequired":true,"valueName":"search_term_string"}}],"inLanguage":"de"},{"@type":"Organization","@id":"https:\/\/shobu-germany.com\/#organization","name":"SHOBU GERMANY","url":"https:\/\/shobu-germany.com\/","logo":{"@type":"ImageObject","inLanguage":"de","@id":"https:\/\/shobu-germany.com\/#\/schema\/logo\/image\/","url":"https:\/\/shobu-germany.com\/wp-content\/uploads\/2018\/08\/shobu_mit_Masterclass-1-e1535710627734.jpg","contentUrl":"https:\/\/shobu-germany.com\/wp-content\/uploads\/2018\/08\/shobu_mit_Masterclass-1-e1535710627734.jpg","width":600,"height":101,"caption":"SHOBU GERMANY"},"image":{"@id":"https:\/\/shobu-germany.com\/#\/schema\/logo\/image\/"},"sameAs":["https:\/\/www.instagram.com\/shobu_germany"]}]}},"_links":{"self":[{"href":"https:\/\/shobu-germany.com\/wp-json\/wp\/v2\/pages\/432","targetHints":{"allow":["GET"]}}],"collection":[{"href":"https:\/\/shobu-germany.com\/wp-json\/wp\/v2\/pages"}],"about":[{"href":"https:\/\/shobu-germany.com\/wp-json\/wp\/v2\/types\/page"}],"author":[{"embeddable":true,"href":"https:\/\/shobu-germany.com\/wp-json\/wp\/v2\/users\/1"}],"replies":[{"embeddable":true,"href":"https:\/\/shobu-germany.com\/wp-json\/wp\/v2\/comments?post=432"}],"version-history":[{"count":22,"href":"https:\/\/shobu-germany.com\/wp-json\/wp\/v2\/pages\/432\/revisions"}],"predecessor-version":[{"id":1870,"href":"https:\/\/shobu-germany.com\/wp-json\/wp\/v2\/pages\/432\/revisions\/1870"}],"wp:attachment":[{"href":"https:\/\/shobu-germany.com\/wp-json\/wp\/v2\/media?parent=432"}],"curies":[{"name":"wp","href":"https:\/\/api.w.org\/{rel}","templated":true}]}}